{"id":163,"date":"2026-02-08T14:01:33","date_gmt":"2026-02-08T14:01:33","guid":{"rendered":"https:\/\/laulhere.fr\/?page_id=163"},"modified":"2026-02-11T18:43:43","modified_gmt":"2026-02-11T18:43:43","slug":"163-2","status":"publish","type":"page","link":"https:\/\/laulhere.fr\/","title":{"rendered":"\u2026"},"content":{"rendered":"<div class=\"wp-block-image\">\n<figure class=\"aligncenter size-full\"><img loading=\"lazy\" decoding=\"async\" width=\"892\" height=\"348\" src=\"https:\/\/laulhere.fr\/wp-content\/uploads\/2026\/02\/jean.jpg\" alt=\"\" class=\"wp-image-213\" srcset=\"https:\/\/laulhere.fr\/wp-content\/uploads\/2026\/02\/jean.jpg 892w, https:\/\/laulhere.fr\/wp-content\/uploads\/2026\/02\/jean-300x117.jpg 300w, https:\/\/laulhere.fr\/wp-content\/uploads\/2026\/02\/jean-768x300.jpg 768w, https:\/\/laulhere.fr\/wp-content\/uploads\/2026\/02\/jean-769x300.jpg 769w\" sizes=\"auto, (max-width: 892px) 100vw, 892px\" \/><\/figure>\n<\/div>\n\n\n<p>Il fut un homme de bien, il rayonna sur toutes celles et ceux qui ont eu la chance de le rencontrer.<br>Cette vie si riche, fut interrompue en 1987, \u00e0 56 ans par un accident de moto, apr\u00e8s lequel, il r\u00e9sida le plus souvent dans le B\u00e9arn natal, plus favorable pour d\u2019autres dons tels la sculpture sur bois, l\u2019\u00e9b\u00e9nisterie, son premier m\u00e9tier, et toujours l\u2019\u00e9criture, la lecture, la musique.<br>Sa vie active, Vincent Antoine et moi, nous n\u2019avons pas voulu qu\u2019elle sombre dans l\u2019oubli.<\/p>\n\n\n\n<p class=\"has-text-align-right\">Martine Laulhere<\/p>\n\n\n\n<p class=\"has-text-align-center\"><a href=\"https:\/\/laulhere.fr\/?p=49\" data-type=\"link\" data-id=\"https:\/\/laulhere.fr\/?p=49\"><strong>Jean 1931-2017<\/strong><\/a><\/p>\n\n\n\n<p class=\"has-text-align-center\"><a href=\"https:\/\/drive.google.com\/file\/d\/1RsQl0kU5-bCpJnHYb0FLQED1HFCiGybc\/view?usp=sharing\" data-type=\"link\" data-id=\"https:\/\/drive.google.com\/file\/d\/1RsQl0kU5-bCpJnHYb0FLQED1HFCiGybc\/view?usp=sharing\" target=\"_blank\" rel=\"noreferrer noopener\"><strong>L\u2019Autobiographie 1993<\/strong><\/a><\/p>\n\n\n\n<p class=\"has-text-align-center\"><a href=\"https:\/\/laulhere.fr\/?p=54\" data-type=\"link\" data-id=\"https:\/\/laulhere.fr\/?p=54\" target=\"_blank\" rel=\"noreferrer noopener\"><strong>Ses parents<\/strong><\/a><\/p>\n\n\n\n<p class=\"has-text-align-center\"><strong><a href=\"https:\/\/laulhere.fr\/?p=86\" data-type=\"link\" data-id=\"https:\/\/laulhere.fr\/?p=86\">Jean dans tous ses \u00e9tats<\/a><\/strong><\/p>\n\n\n\n<p class=\"has-text-align-center\"><a href=\"https:\/\/goo.gl\/photos\/Y5vWbCBkJXxDraSt9\" target=\"_blank\" rel=\"noreferrer noopener\"><strong>Album photo<\/strong><\/a><\/p>\n\n\n\n<p class=\"has-text-align-center\"><a href=\"https:\/\/laulhere.fr\/?p=61\" data-type=\"link\" data-id=\"https:\/\/laulhere.fr\/?p=61\" target=\"_blank\" rel=\"noreferrer noopener\"><strong>Vers l\u2019Homo Fraternus<\/strong><\/a><\/p>\n\n\n\n<hr class=\"wp-block-separator has-alpha-channel-opacity\"\/>\n\n\n\n<figure class=\"wp-block-video\"><video height=\"416\" style=\"aspect-ratio: 752 \/ 416;\" width=\"752\" controls src=\"https:\/\/laulhere.fr\/wp-content\/uploads\/2026\/02\/grok-video-90260d20-b99a-4ef2-92fd-977cd14a9309.mp4\"><\/video><\/figure>\n","protected":false},"excerpt":{"rendered":"<p>Il fut un homme de bien, il rayonna sur toutes celles et ceux qui ont eu la chance de le rencontrer.Cette vie si riche, fut interrompue en 1987, \u00e0 56 ans par un accident de moto, apr\u00e8s lequel, il r\u00e9sida le plus souvent dans le B\u00e9arn natal, plus favorable pour d\u2019autres dons tels la sculpture [&hellip;]<\/p>\n","protected":false},"author":1,"featured_media":0,"parent":0,"menu_order":0,"comment_status":"closed","ping_status":"closed","template":"","meta":{"footnotes":""},"class_list":["post-163","page","type-page","status-publish","hentry"],"_links":{"self":[{"href":"https:\/\/laulhere.fr\/index.php?rest_route=\/wp\/v2\/pages\/163","targetHints":{"allow":["GET"]}}],"collection":[{"href":"https:\/\/laulhere.fr\/index.php?rest_route=\/wp\/v2\/pages"}],"about":[{"href":"https:\/\/laulhere.fr\/index.php?rest_route=\/wp\/v2\/types\/page"}],"author":[{"embeddable":true,"href":"https:\/\/laulhere.fr\/index.php?rest_route=\/wp\/v2\/users\/1"}],"replies":[{"embeddable":true,"href":"https:\/\/laulhere.fr\/index.php?rest_route=%2Fwp%2Fv2%2Fcomments&post=163"}],"version-history":[{"count":10,"href":"https:\/\/laulhere.fr\/index.php?rest_route=\/wp\/v2\/pages\/163\/revisions"}],"predecessor-version":[{"id":217,"href":"https:\/\/laulhere.fr\/index.php?rest_route=\/wp\/v2\/pages\/163\/revisions\/217"}],"wp:attachment":[{"href":"https:\/\/laulhere.fr\/index.php?rest_route=%2Fwp%2Fv2%2Fmedia&parent=163"}],"curies":[{"name":"wp","href":"https:\/\/api.w.org\/{rel}","templated":true}]}}